{"id":11,"date":"2021-11-07T18:13:31","date_gmt":"2021-11-07T17:13:31","guid":{"rendered":"https:\/\/www.bergi.net\/?page_id=11"},"modified":"2025-01-02T14:30:38","modified_gmt":"2025-01-02T13:30:38","slug":"download-config-files","status":"publish","type":"page","link":"https:\/\/www.bergi.net\/?page_id=11","title":{"rendered":"Download Config-Files"},"content":{"rendered":"\n<p><strong>for DMR and Analog Devices<\/strong><\/p>\n\n\n\n<p>Wichtiger Hinweis: Ich m\u00f6chte darauf hinweise, dass das runterladen und einspielen eines Codeplugs auf eigene Gefahr erfolgt und ich keine Verantwortung daf\u00fcr \u00fcbernehme, dass das Ger\u00e4t nachher funktioniert. Bitte immer darauf achten, dass die Firmware Version, die CPS Version und die Parameter (Schnittstelle, usw.) von einem erfolgreichen Upload abh\u00e4ngig sind.<\/p>\n\n\n\n<p>TYT-9800 Config f\u00fcr 2m\/70cm\/CB\/PMR\/LPD:<\/p>\n\n\n\n<div class=\"wp-block-file\"><a id=\"wp-block-file--media-a4e84ee2-b1c6-44bd-9edd-a63ff55bdd6f\" href=\"https:\/\/www.bergi.net\/wp-content\/uploads\/2022\/01\/TYT_TH-9800-File_20220129.dat\">TYT_TH-9800 File_20220129<\/a><a href=\"https:\/\/www.bergi.net\/wp-content\/uploads\/2022\/01\/TYT_TH-9800-File_20220129.dat\" class=\"wp-block-file__button wp-element-button\" download aria-describedby=\"wp-block-file--media-a4e84ee2-b1c6-44bd-9edd-a63ff55bdd6f\">Herunterladen<\/a><\/div>\n\n\n\n<p>Retevis RT3S-GPS Open GD77Config:<\/p>\n\n\n\n<div class=\"wp-block-file\"><a id=\"wp-block-file--media-46ae1820-1ed6-4f30-8d08-1b2911b23b7e\" href=\"https:\/\/www.bergi.net\/wp-content\/uploads\/2025\/01\/codeplug_openGD77_RT3S_2024_September_FREE.g77\">codeplug_openGD77_RT3S_2024_September_FREE<\/a><a href=\"https:\/\/www.bergi.net\/wp-content\/uploads\/2025\/01\/codeplug_openGD77_RT3S_2024_September_FREE.g77\" class=\"wp-block-file__button wp-element-button\" download aria-describedby=\"wp-block-file--media-46ae1820-1ed6-4f30-8d08-1b2911b23b7e\">Herunterladen<\/a><\/div>\n\n\n\n<p>BAOFENG UV-5R Config f\u00fcr PMR und LPD:<\/p>\n\n\n\n<div class=\"wp-block-file\"><a id=\"wp-block-file--media-e4187eb3-fe87-4746-8961-74e36d21108c\" href=\"https:\/\/www.bergi.net\/wp-content\/uploads\/2021\/11\/Baofeng_UV-5R_20211104.img\">Baofeng_UV-5R_20211104<\/a><a href=\"https:\/\/www.bergi.net\/wp-content\/uploads\/2021\/11\/Baofeng_UV-5R_20211104.img\" class=\"wp-block-file__button wp-element-button\" download aria-describedby=\"wp-block-file--media-e4187eb3-fe87-4746-8961-74e36d21108c\">Herunterladen<\/a><\/div>\n\n\n\n<p>Radioddity DB-40 Config with CPS V 3.3:<\/p>\n\n\n\n<div class=\"wp-block-file\"><a id=\"wp-block-file--media-c917b09d-1ece-4325-80b0-72c32c949070\" href=\"https:\/\/www.bergi.net\/wp-content\/uploads\/2025\/01\/RadiodittyDB40_20241023_FREE.f136\">RadiodittyDB40_20241023_FREE<\/a><a href=\"https:\/\/www.bergi.net\/wp-content\/uploads\/2025\/01\/RadiodittyDB40_20241023_FREE.f136\" class=\"wp-block-file__button wp-element-button\" download aria-describedby=\"wp-block-file--media-c917b09d-1ece-4325-80b0-72c32c949070\">Herunterladen<\/a><\/div>\n\n\n\n<p>Baofeng DM-1701 Open GD77:<\/p>\n\n\n\n<div class=\"wp-block-file\"><a id=\"wp-block-file--media-bc674541-d783-4e79-be60-442aa5b94e6d\" href=\"https:\/\/www.bergi.net\/wp-content\/uploads\/2025\/01\/codeplug_openGD77_DM1701_20240909_FREE.g77\">codeplug_openGD77_DM1701_20240909_FREE<\/a><a href=\"https:\/\/www.bergi.net\/wp-content\/uploads\/2025\/01\/codeplug_openGD77_DM1701_20240909_FREE.g77\" class=\"wp-block-file__button wp-element-button\" download aria-describedby=\"wp-block-file--media-bc674541-d783-4e79-be60-442aa5b94e6d\">Herunterladen<\/a><\/div>\n\n\n\n<p>Retevis RT-73 with CPS V 2.1:<\/p>\n\n\n\n<div class=\"wp-block-file\"><a id=\"wp-block-file--media-53a23500-3f4b-402e-97fc-dc6a5356297a\" href=\"https:\/\/www.bergi.net\/wp-content\/uploads\/2025\/01\/RT73_Station_20230612_FREE.f136\">RT73_Station_20230612_FREE<\/a><a href=\"https:\/\/www.bergi.net\/wp-content\/uploads\/2025\/01\/RT73_Station_20230612_FREE.f136\" class=\"wp-block-file__button wp-element-button\" download aria-describedby=\"wp-block-file--media-53a23500-3f4b-402e-97fc-dc6a5356297a\">Herunterladen<\/a><\/div>\n\n\n\n<p>Retevis RT-90 Open GD77:<\/p>\n\n\n\n<p>Availabel soon&#8230;&#8230;&#8230;<\/p>\n","protected":false},"excerpt":{"rendered":"<p>for DMR and Analog Devices Wichtiger Hinweis: Ich m\u00f6chte darauf hinweise, dass das runterladen und einspielen eines Codeplugs auf eigene Gefahr erfolgt und ich keine Verantwortung daf\u00fcr \u00fcbernehm","protected":false},"author":1,"featured_media":0,"parent":0,"menu_order":0,"comment_status":"closed","ping_status":"closed","template":"","meta":{"footnotes":""},"class_list":["post-11","page","type-page","status-publish","hentry"],"_links":{"self":[{"href":"https:\/\/www.bergi.net\/index.php?rest_route=\/wp\/v2\/pages\/11","targetHints":{"allow":["GET"]}}],"collection":[{"href":"https:\/\/www.bergi.net\/index.php?rest_route=\/wp\/v2\/pages"}],"about":[{"href":"https:\/\/www.bergi.net\/index.php?rest_route=\/wp\/v2\/types\/page"}],"author":[{"embeddable":true,"href":"https:\/\/www.bergi.net\/index.php?rest_route=\/wp\/v2\/users\/1"}],"replies":[{"embeddable":true,"href":"https:\/\/www.bergi.net\/index.php?rest_route=%2Fwp%2Fv2%2Fcomments&post=11"}],"version-history":[{"count":11,"href":"https:\/\/www.bergi.net\/index.php?rest_route=\/wp\/v2\/pages\/11\/revisions"}],"predecessor-version":[{"id":114,"href":"https:\/\/www.bergi.net\/index.php?rest_route=\/wp\/v2\/pages\/11\/revisions\/114"}],"wp:attachment":[{"href":"https:\/\/www.bergi.net\/index.php?rest_route=%2Fwp%2Fv2%2Fmedia&parent=11"}],"curies":[{"name":"wp","href":"https:\/\/api.w.org\/{rel}","templated":true}]}}